{"id":9204,"date":"2023-05-24T08:52:27","date_gmt":"2023-05-24T07:52:27","guid":{"rendered":"https:\/\/krivido.me\/komovi\/"},"modified":"2023-10-07T15:14:41","modified_gmt":"2023-10-07T14:14:41","slug":"komovi","status":"publish","type":"page","link":"https:\/\/krivido.me\/en\/nature-and-surroundings\/komovi\/","title":{"rendered":"Komovi Mountain"},"content":{"rendered":"<section class=\"l-section wpb_row height_medium\"><div class=\"l-section-h i-cf\"><div class=\"g-cols vc_row via_grid cols_1 laptops-cols_inherit tablets-cols_inherit mobiles-cols_1 valign_top type_default stacking_default\"><div class=\"wpb_column vc_column_container\"><div class=\"vc_column-inner\"><div class=\"wpb_text_column\"><div class=\"wpb_wrapper\"><p>Komovi Mountain, located in the northeast of Montenegro, is an ideal destination for nature lovers seeking an active vacation. This beautiful mountain is abundant with natural beauty, traditional summer pastures, and a protected area &#8211; the Komovi Nature Park.<\/p>\n<p>Komovi are part of the Dinaric mountain range and stretch along the border between Montenegro and Albania. There are three distinct peaks on Komovi mountain: Ku\u010dki Kom, Ljevore\u010dki Kom, and Vasojevi\u0107ki Kom. The highest peak is Ku\u010dki Kom, rising to a height of 2,487 meters, while Ljevore\u010dki Kom reaches a height of 2,469 meters and Vasojevicki Kom 2,461 meters. These impressive peaks offer incredible panoramic views and present a challenge for hikers and adventurers.<\/p>\n<p>One of the attractions of\u00a0 Komovi Mountain are the traditional summer pastures, known as katuns. Katuns are seasonal settlements used for pastoralism, typical of mountainous areas in Montenegro. During the summer months, shepherds move to these areas with their livestock to graze and produce traditional dairy products such as cheese and clotted cream. Visiting the katuns at Komovi provides an opportunity to learn about the rich cultural heritage and traditions of Montenegrin mountain life.<\/p>\n<p>The Komovi Nature Park is a protected area that encompasses the entire Komovi Mountain. Here visitors can experience the affluence of natural resources, as well as diverse plant and animal species. The nature park is an important habitat for many endemic plants and rare animals. Preserving this ecosystem is a priority in order to maintain the natural balance and biodiversity of this area.<\/p>\n<p>Excursions and adventures on Komovi can be organized from the Krivi Do mountain lodge. Tourists have the opportunity to hike or bike independently to \u0160tavna on the Komovi. This approach allows visitors to enjoy close contact with nature and discover hidden corners of this wild and beautiful area.<\/p>\n<p><a href=\"https:\/\/www.facebook.com\/parkkomovi\/\" target=\"_blank\" rel=\"noopener\">NATURE PARK KOMOVI<\/a><\/p>\n<div id=\"gtx-trans\" style=\"position: absolute; left: 12px; top: 789.907px;\">\n<div class=\"gtx-trans-icon\"><\/div>\n<\/div>\n<\/div><\/div><div class=\"w-separator size_medium\"><\/div><div class=\"w-grid type_masonry layout_gallery_cropped cols_4 with_isotope ratio_1x1\" id=\"us_grid_1\" style=\"--gap:0.2rem;\" data-filterable=\"true\"><style>@media (max-width:1280px){#us_grid_1 .w-grid-item{width:33.3333%}#us_grid_1 .w-grid-item.size_2x1,#us_grid_1 .w-grid-item.size_2x2{width:66.6667%}}@media (max-width:1024px){#us_grid_1 .w-grid-item{width:50%}#us_grid_1 .w-grid-item.size_2x1,#us_grid_1 .w-grid-item.size_2x2{width:100%}}@media (max-width:600px){#us_grid_1 .w-grid-list{margin:0}#us_grid_1 .w-grid-item{width:100%;padding:0;margin-bottom:var(--gap,0px)}}.layout_gallery_cropped .w-grid-item-h:before{padding-bottom:100%}@media (min-width:601px){.layout_gallery_cropped .w-grid-item.size_1x2 .w-grid-item-h:before{padding-bottom:calc(200% + var(--gap,0px) * 2)}.layout_gallery_cropped .w-grid-item.size_2x1 .w-grid-item-h:before{padding-bottom:calc(50% - var(--gap,0px) * 1)}.layout_gallery_cropped .w-grid-item.size_2x2 .w-grid-item-h:before{padding-bottom:calc(100% - var(--gap,0px) * 0)}}.layout_gallery_cropped .w-grid-item-h{}.layout_gallery_cropped .usg_post_image_1{position:absolute!important;left:0!important;top:0!important;bottom:0!important;right:0!important}<\/style><div class=\"w-grid-list\">\t<article class=\"w-grid-item post-9113 attachment type-attachment status-inherit hentry\" data-id=\"9113\">\r\n\t\t<div class=\"w-grid-item-h\">\r\n\t\t\t\t\t\t\t<a class=\"w-grid-item-anchor\" href=\"https:\/\/krivido.me\/wp-content\/uploads\/2023\/05\/ljuban-005.jpeg\" ref=\"magnificPopupGrid\" title=\"ljuban 005\"><\/a>\r\n\t\t\t\t\t\t<div class=\"w-post-elm post_image usg_post_image_1 stretched\"><img decoding=\"async\" width=\"1024\" height=\"683\" src=\"https:\/\/krivido.me\/wp-content\/uploads\/2023\/05\/ljuban-005-1024x683.jpeg\" class=\"attachment-large size-large\" alt=\"\" srcset=\"https:\/\/krivido.me\/wp-content\/uploads\/2023\/05\/ljuban-005-1024x683.jpeg 1024w, https:\/\/krivido.me\/wp-content\/uploads\/2023\/05\/ljuban-005-300x200.jpeg 300w\" sizes=\"(max-width: 1024px) 100vw, 1024px\" \/><\/div>\t\t<\/div>\r\n\t<\/article>\r\n\t<article class=\"w-grid-item post-9112 attachment type-attachment status-inherit hentry\" data-id=\"9112\">\r\n\t\t<div class=\"w-grid-item-h\">\r\n\t\t\t\t\t\t\t<a class=\"w-grid-item-anchor\" href=\"https:\/\/krivido.me\/wp-content\/uploads\/2023\/05\/ljuban-004.jpeg\" ref=\"magnificPopupGrid\" title=\"ljuban 004\"><\/a>\r\n\t\t\t\t\t\t<div class=\"w-post-elm post_image usg_post_image_1 stretched\"><img decoding=\"async\" width=\"1024\" height=\"683\" src=\"https:\/\/krivido.me\/wp-content\/uploads\/2023\/05\/ljuban-004-1024x683.jpeg\" class=\"attachment-large size-large\" alt=\"\" srcset=\"https:\/\/krivido.me\/wp-content\/uploads\/2023\/05\/ljuban-004-1024x683.jpeg 1024w, https:\/\/krivido.me\/wp-content\/uploads\/2023\/05\/ljuban-004-300x200.jpeg 300w\" sizes=\"(max-width: 1024px) 100vw, 1024px\" \/><\/div>\t\t<\/div>\r\n\t<\/article>\r\n\t<article class=\"w-grid-item post-9108 attachment type-attachment status-inherit hentry\" data-id=\"9108\">\r\n\t\t<div class=\"w-grid-item-h\">\r\n\t\t\t\t\t\t\t<a class=\"w-grid-item-anchor\" href=\"https:\/\/krivido.me\/wp-content\/uploads\/2023\/05\/PENTAX-K-5-07.07.15-16-09-50.jpeg\" ref=\"magnificPopupGrid\" title=\"PENTAX K-5 &#8211; 07.07.15 16-09-50\"><\/a>\r\n\t\t\t\t\t\t<div class=\"w-post-elm post_image usg_post_image_1 stretched\"><img decoding=\"async\" width=\"1024\" height=\"678\" src=\"https:\/\/krivido.me\/wp-content\/uploads\/2023\/05\/PENTAX-K-5-07.07.15-16-09-50-1024x678.jpeg\" class=\"attachment-large size-large\" alt=\"\" srcset=\"https:\/\/krivido.me\/wp-content\/uploads\/2023\/05\/PENTAX-K-5-07.07.15-16-09-50-1024x678.jpeg 1024w, https:\/\/krivido.me\/wp-content\/uploads\/2023\/05\/PENTAX-K-5-07.07.15-16-09-50-300x199.jpeg 300w\" sizes=\"(max-width: 1024px) 100vw, 1024px\" \/><\/div>\t\t<\/div>\r\n\t<\/article>\r\n\t<article class=\"w-grid-item post-9115 attachment type-attachment status-inherit hentry\" data-id=\"9115\">\r\n\t\t<div class=\"w-grid-item-h\">\r\n\t\t\t\t\t\t\t<a class=\"w-grid-item-anchor\" href=\"https:\/\/krivido.me\/wp-content\/uploads\/2023\/05\/Komovi_0010.jpeg\" ref=\"magnificPopupGrid\" title=\"Komovi_0010\"><\/a>\r\n\t\t\t\t\t\t<div class=\"w-post-elm post_image usg_post_image_1 stretched\"><img decoding=\"async\" width=\"1024\" height=\"678\" src=\"https:\/\/krivido.me\/wp-content\/uploads\/2023\/05\/Komovi_0010-1024x678.jpeg\" class=\"attachment-large size-large\" alt=\"\" srcset=\"https:\/\/krivido.me\/wp-content\/uploads\/2023\/05\/Komovi_0010-1024x678.jpeg 1024w, https:\/\/krivido.me\/wp-content\/uploads\/2023\/05\/Komovi_0010-300x199.jpeg 300w\" sizes=\"(max-width: 1024px) 100vw, 1024px\" \/><\/div>\t\t<\/div>\r\n\t<\/article>\r\n\t<article class=\"w-grid-item post-9116 attachment type-attachment status-inherit hentry\" data-id=\"9116\">\r\n\t\t<div class=\"w-grid-item-h\">\r\n\t\t\t\t\t\t\t<a class=\"w-grid-item-anchor\" href=\"https:\/\/krivido.me\/wp-content\/uploads\/2023\/05\/ljuban-001.jpeg\" ref=\"magnificPopupGrid\" title=\"ljuban 001\"><\/a>\r\n\t\t\t\t\t\t<div class=\"w-post-elm post_image usg_post_image_1 stretched\"><img decoding=\"async\" width=\"1024\" height=\"683\" src=\"https:\/\/krivido.me\/wp-content\/uploads\/2023\/05\/ljuban-001-1024x683.jpeg\" class=\"attachment-large size-large\" alt=\"\" srcset=\"https:\/\/krivido.me\/wp-content\/uploads\/2023\/05\/ljuban-001-1024x683.jpeg 1024w, https:\/\/krivido.me\/wp-content\/uploads\/2023\/05\/ljuban-001-300x200.jpeg 300w\" sizes=\"(max-width: 1024px) 100vw, 1024px\" \/><\/div>\t\t<\/div>\r\n\t<\/article>\r\n<\/div><div class=\"w-grid-preloader\"><div class=\"g-preloader type_1\">\r\n\t<div><\/div>\r\n<\/div>\r\n<\/div>\t\t<div class=\"g-loadmore \">\r\n\t\t\t<div class=\"g-preloader type_1\">\r\n\t\t\t\t<div><\/div>\r\n\t\t\t<\/div>\r\n\t\t\t<button class=\"w-btn us-btn-style_1\">\r\n\t\t\t\t<span class=\"w-btn-label\">Load More<\/span>\r\n\t\t\t<\/button>\r\n\t\t<\/div>\r\n\t\t\t<div class=\"w-grid-json hidden\" onclick='return {&quot;action&quot;:&quot;us_ajax_grid&quot;,&quot;ajax_url&quot;:&quot;https:\\\/\\\/krivido.me\\\/wp-admin\\\/admin-ajax.php&quot;,&quot;infinite_scroll&quot;:true,&quot;max_num_pages&quot;:4,&quot;pagination&quot;:&quot;ajax&quot;,&quot;permalink_url&quot;:&quot;https:\\\/\\\/krivido.me\\\/en\\\/wp-json\\\/wp\\\/v2\\\/pages\\\/9204\\\/&quot;,&quot;template_vars&quot;:{&quot;columns&quot;:&quot;4&quot;,&quot;exclude_items&quot;:&quot;none&quot;,&quot;img_size&quot;:&quot;default&quot;,&quot;ignore_items_size&quot;:0,&quot;items_layout&quot;:&quot;gallery_cropped&quot;,&quot;items_offset&quot;:&quot;1&quot;,&quot;load_animation&quot;:&quot;none&quot;,&quot;overriding_link&quot;:&quot;popup_post_image&quot;,&quot;post_id&quot;:0,&quot;query_args&quot;:{&quot;post_type&quot;:[&quot;attachment&quot;],&quot;post__in&quot;:[&quot;8774&quot;,&quot;8775&quot;,&quot;8776&quot;,&quot;8777&quot;,&quot;8778&quot;,&quot;8779&quot;,&quot;8780&quot;,&quot;8781&quot;,&quot;8783&quot;,&quot;8784&quot;,&quot;8785&quot;,&quot;8786&quot;,&quot;8788&quot;,&quot;8789&quot;,&quot;8790&quot;,&quot;8791&quot;,&quot;8792&quot;,&quot;8793&quot;,&quot;8794&quot;,&quot;8829&quot;],&quot;post_status&quot;:&quot;inherit&quot;,&quot;post_mime_type&quot;:&quot;image&quot;,&quot;posts_per_page&quot;:&quot;5&quot;},&quot;orderby_query_args&quot;:{&quot;orderby&quot;:&quot;RAND(2104933511)&quot;},&quot;type&quot;:&quot;masonry&quot;,&quot;us_grid_ajax_index&quot;:1,&quot;us_grid_filter_params&quot;:null,&quot;us_grid_index&quot;:1,&quot;_us_grid_post_type&quot;:&quot;attachment&quot;,&quot;page_args&quot;:[],&quot;lang&quot;:&quot;en&quot;}}'><\/div>\r\n\t<\/div><\/div><\/div><\/div><\/div><\/section>\n","protected":false},"excerpt":{"rendered":"","protected":false},"author":1,"featured_media":8987,"parent":9207,"menu_order":2,"comment_status":"closed","ping_status":"closed","template":"","meta":{"footnotes":""},"categories":[45],"tags":[],"class_list":["post-9204","page","type-page","status-publish","has-post-thumbnail","hentry","category-priroda-i-okruzenje-en"],"_links":{"self":[{"href":"https:\/\/krivido.me\/en\/wp-json\/wp\/v2\/pages\/9204","targetHints":{"allow":["GET"]}}],"collection":[{"href":"https:\/\/krivido.me\/en\/wp-json\/wp\/v2\/pages"}],"about":[{"href":"https:\/\/krivido.me\/en\/wp-json\/wp\/v2\/types\/page"}],"author":[{"embeddable":true,"href":"https:\/\/krivido.me\/en\/wp-json\/wp\/v2\/users\/1"}],"replies":[{"embeddable":true,"href":"https:\/\/krivido.me\/en\/wp-json\/wp\/v2\/comments?post=9204"}],"version-history":[{"count":3,"href":"https:\/\/krivido.me\/en\/wp-json\/wp\/v2\/pages\/9204\/revisions"}],"predecessor-version":[{"id":9554,"href":"https:\/\/krivido.me\/en\/wp-json\/wp\/v2\/pages\/9204\/revisions\/9554"}],"up":[{"embeddable":true,"href":"https:\/\/krivido.me\/en\/wp-json\/wp\/v2\/pages\/9207"}],"wp:featuredmedia":[{"embeddable":true,"href":"https:\/\/krivido.me\/en\/wp-json\/wp\/v2\/media\/8987"}],"wp:attachment":[{"href":"https:\/\/krivido.me\/en\/wp-json\/wp\/v2\/media?parent=9204"}],"wp:term":[{"taxonomy":"category","embeddable":true,"href":"https:\/\/krivido.me\/en\/wp-json\/wp\/v2\/categories?post=9204"},{"taxonomy":"post_tag","embeddable":true,"href":"https:\/\/krivido.me\/en\/wp-json\/wp\/v2\/tags?post=9204"}],"curies":[{"name":"wp","href":"https:\/\/api.w.org\/{rel}","templated":true}]}}